{"id":10858,"date":"2020-08-19T11:27:01","date_gmt":"2020-08-19T09:27:01","guid":{"rendered":"https:\/\/ettelbruck.webdev.lu\/citoyen\/?page_id=10858"},"modified":"2023-03-21T15:42:35","modified_gmt":"2023-03-21T14:42:35","slug":"radioprotection","status":"publish","type":"page","link":"https:\/\/ettelbruck.lu\/citoyen\/services-au-citoyen\/environnement\/radioprotection\/","title":{"rendered":"Radioprotection"},"content":{"rendered":"<p>La division pour la radioprotection du Minist\u00e8re de la Sant\u00e9 vous tient inform\u00e9 sur les risques de toutes sortes de radiation, dont entre autres le radon.<\/p>\n<p>Vous trouvez plus d\u2019informations sur leur site <a href=\"http:\/\/sante.public.lu\/fr\/politique-sante\/ministere-sante\/direction-sante\/div-radioprotection\/index.html\" target=\"_blank\" rel=\"noopener noreferrer\">http:\/\/sante.public.lu\/fr\/politique-sante\/ministere-sante\/direction-sante\/div-radioprotection\/index.html<\/a> et dans la brochure au sujet du radon.<\/p>","protected":false},"excerpt":{"rendered":"<p>La division pour la radioprotection du Minist\u00e8re de la Sant\u00e9 vous tient inform\u00e9 sur les risques de toutes sortes de radiation, dont entre autres le radon. Vous trouvez plus d\u2019informations sur leur site http:\/\/sante.public.lu\/fr\/politique-sante\/ministere-sante\/direction-sante\/div-radioprotection\/index.html et dans la brochure au sujet du radon.<\/p>\n","protected":false},"author":7,"featured_media":0,"parent":220,"menu_order":7,"comment_status":"closed","ping_status":"closed","template":"","meta":{"_acf_changed":false,"inline_featured_image":false,"footnotes":""},"acf":[],"_links":{"self":[{"href":"https:\/\/ettelbruck.lu\/citoyen\/wp-json\/wp\/v2\/pages\/10858"}],"collection":[{"href":"https:\/\/ettelbruck.lu\/citoyen\/wp-json\/wp\/v2\/pages"}],"about":[{"href":"https:\/\/ettelbruck.lu\/citoyen\/wp-json\/wp\/v2\/types\/page"}],"author":[{"embeddable":true,"href":"https:\/\/ettelbruck.lu\/citoyen\/wp-json\/wp\/v2\/users\/7"}],"replies":[{"embeddable":true,"href":"https:\/\/ettelbruck.lu\/citoyen\/wp-json\/wp\/v2\/comments?post=10858"}],"version-history":[{"count":4,"href":"https:\/\/ettelbruck.lu\/citoyen\/wp-json\/wp\/v2\/pages\/10858\/revisions"}],"predecessor-version":[{"id":17381,"href":"https:\/\/ettelbruck.lu\/citoyen\/wp-json\/wp\/v2\/pages\/10858\/revisions\/17381"}],"up":[{"embeddable":true,"href":"https:\/\/ettelbruck.lu\/citoyen\/wp-json\/wp\/v2\/pages\/220"}],"wp:attachment":[{"href":"https:\/\/ettelbruck.lu\/citoyen\/wp-json\/wp\/v2\/media?parent=10858"}],"curies":[{"name":"wp","href":"https:\/\/api.w.org\/{rel}","templated":true}]}}