{"id":11982,"date":"2020-11-13T14:38:58","date_gmt":"2020-11-13T13:38:58","guid":{"rendered":"https:\/\/ettelbruck.webdev.lu\/citoyen\/?page_id=11982"},"modified":"2023-03-08T14:55:09","modified_gmt":"2023-03-08T13:55:09","slug":"autorisation-parentale","status":"publish","type":"page","link":"https:\/\/ettelbruck.lu\/citoyen\/autorisation-parentale\/","title":{"rendered":"Autorisation parentale"},"content":{"rendered":"<p>Les mineurs qui voyagent \u00e0 l\u2019\u00e9tranger <strong>sans leurs parents<\/strong> doivent \u00eatre munis, en dehors d\u2019une <strong>pi\u00e8ce d\u2019identit\u00e9 valable<\/strong>, d\u2019une <strong>autorisation parentale<\/strong>.<\/p>\n<p>Cette autorisation est \u00e9tablie par le bureau de la population de la <strong><u>commune de r\u00e9sidence de l\u2019enfant<\/u><\/strong><u>.<\/u><\/p>\n<p>La personne qui d\u00e9tient l&rsquo;autorit\u00e9 parentale sur l\u2019enfant (p\u00e8re, m\u00e8re et tuteur) peut effectuer la demande d\u2019autorisation parentale. Les renseignements concernant la date de d\u00e9part et de retour de l\u2019enfant, la destination et le cas \u00e9ch\u00e9ant le nom de l\u2019accompagnateur (qui doit \u00eatre majeur) doivent \u00eatre fournis.<\/p>\n<p>Un enfant mineur qui vit au Luxembourg et voyage \u00e0 l\u2019\u00e9tranger doit avoir une autorisation parentale (autorisation de sortie du territoire) s\u2019il n\u2019est pas accompagn\u00e9 par un responsable l\u00e9gal (p\u00e8re, m\u00e8re ou tuteur).<\/p>\n<p>La demande peut donc concerner un mineur qui voyage seul, un mineur qui voyage avec des adultes qui ne sont pas ses tuteurs l\u00e9gaux ou un mineur qui voyage avec un parent (p\u00e8re ou m\u00e8re) qui ne dispose pas de l\u2019autorit\u00e9 parentale sur cet enfant.<\/p>\n<p>Un <strong>enfant qui voyage seul avec son p\u00e8re ou sa m\u00e8re<\/strong> n\u2019a en principe <strong>pas besoin<\/strong> d\u2019autorisation parentale. Cependant, cette <strong>r\u00e8gle varie<\/strong> en fonction du pays visit\u00e9 et du type de transport utilis\u00e9 (voiture, avion, etc.). Ainsi, la personne concern\u00e9e peut se <strong>renseigner<\/strong> aupr\u00e8s de la compagnie a\u00e9rienne utilis\u00e9e ou de l\u2019ambassade ou du consulat du pays concern\u00e9 par le voyage.<\/p>\n<p><strong>L&rsquo;autorisation parentale peut \u00eatre demand\u00e9e aupr\u00e8s du Bureau de la Population.<\/strong><\/p>","protected":false},"excerpt":{"rendered":"<p>Les mineurs qui voyagent \u00e0 l\u2019\u00e9tranger sans leurs parents doivent \u00eatre munis, en dehors d\u2019une pi\u00e8ce d\u2019identit\u00e9 valable, d\u2019une autorisation parentale. Cette autorisation est \u00e9tablie par le bureau de la population de la commune de r\u00e9sidence de l\u2019enfant. La personne qui d\u00e9tient l&rsquo;autorit\u00e9 parentale sur l\u2019enfant (p\u00e8re, m\u00e8re et tuteur) peut effectuer la demande d\u2019autorisation [&hellip;]<\/p>\n","protected":false},"author":5,"featured_media":0,"parent":0,"menu_order":31,"comment_status":"closed","ping_status":"closed","template":"","meta":{"_acf_changed":false,"inline_featured_image":false,"footnotes":""},"acf":[],"_links":{"self":[{"href":"https:\/\/ettelbruck.lu\/citoyen\/wp-json\/wp\/v2\/pages\/11982"}],"collection":[{"href":"https:\/\/ettelbruck.lu\/citoyen\/wp-json\/wp\/v2\/pages"}],"about":[{"href":"https:\/\/ettelbruck.lu\/citoyen\/wp-json\/wp\/v2\/types\/page"}],"author":[{"embeddable":true,"href":"https:\/\/ettelbruck.lu\/citoyen\/wp-json\/wp\/v2\/users\/5"}],"replies":[{"embeddable":true,"href":"https:\/\/ettelbruck.lu\/citoyen\/wp-json\/wp\/v2\/comments?post=11982"}],"version-history":[{"count":3,"href":"https:\/\/ettelbruck.lu\/citoyen\/wp-json\/wp\/v2\/pages\/11982\/revisions"}],"predecessor-version":[{"id":17213,"href":"https:\/\/ettelbruck.lu\/citoyen\/wp-json\/wp\/v2\/pages\/11982\/revisions\/17213"}],"wp:attachment":[{"href":"https:\/\/ettelbruck.lu\/citoyen\/wp-json\/wp\/v2\/media?parent=11982"}],"curies":[{"name":"wp","href":"https:\/\/api.w.org\/{rel}","templated":true}]}}