{"id":20886,"date":"2024-03-12T16:38:23","date_gmt":"2024-03-12T15:38:14","guid":{"rendered":"https:\/\/ettelbruck.lu\/citoyen\/?page_id=20886"},"modified":"2025-04-24T13:55:56","modified_gmt":"2025-04-24T11:55:56","slug":"ettelbreck-wibbelt","status":"publish","type":"page","link":"https:\/\/ettelbruck.lu\/citoyen\/ettelbreck-wibbelt\/","title":{"rendered":"Ettelbr\u00e9ck Wibbelt"},"content":{"rendered":"<p>La Ville d&rsquo;Ettelbruck est heureuse de pr\u00e9senter la deuxi\u00e8me \u00e9dition de \u00ab\u00a0Ettelbr\u00e9ck wibbelt\u00a0\u00bb en collaboration avec le Lyc\u00e9e Technique d&rsquo;Ettelbruck.<br \/>\nEn tant que ville sportive, il est important pour nous de promouvoir l&rsquo;activit\u00e9 physique et une alimentation saine aupr\u00e8s des plus jeunes.<\/p>\n<p>Avec nos associations sportives locales, chacun pourra s&rsquo;initier \u00e0 diff\u00e9rentes activit\u00e9s sportives le 26 avril 2025 et peut-\u00eatre d\u00e9couvrir un nouveau hobby.<\/p>\n<p>Sur cette page, vous trouverez au fur et \u00e0 mesure toutes les informations relatives \u00e0 la f\u00eate et les associations participantes seront pr\u00e9sent\u00e9es.<\/p>\n<p>Rendez-vous le samedi, 26 avril 2025 \u00e0 partir de 14.00 heures au Lyc\u00e9e Technique d&rsquo;Ettelbruck (71, Avenue Salentiny).<\/p>","protected":false},"excerpt":{"rendered":"<p>La Ville d&rsquo;Ettelbruck est heureuse de pr\u00e9senter la deuxi\u00e8me \u00e9dition de \u00ab\u00a0Ettelbr\u00e9ck wibbelt\u00a0\u00bb en collaboration avec le Lyc\u00e9e Technique d&rsquo;Ettelbruck. En tant que ville sportive, il est important pour nous de promouvoir l&rsquo;activit\u00e9 physique et une alimentation saine aupr\u00e8s des plus jeunes. Avec nos associations sportives locales, chacun pourra s&rsquo;initier \u00e0 diff\u00e9rentes activit\u00e9s sportives le [&hellip;]<\/p>\n","protected":false},"author":16,"featured_media":20993,"parent":0,"menu_order":8,"comment_status":"closed","ping_status":"closed","template":"","meta":{"_acf_changed":false,"inline_featured_image":false,"footnotes":""},"acf":[],"_links":{"self":[{"href":"https:\/\/ettelbruck.lu\/citoyen\/wp-json\/wp\/v2\/pages\/20886"}],"collection":[{"href":"https:\/\/ettelbruck.lu\/citoyen\/wp-json\/wp\/v2\/pages"}],"about":[{"href":"https:\/\/ettelbruck.lu\/citoyen\/wp-json\/wp\/v2\/types\/page"}],"author":[{"embeddable":true,"href":"https:\/\/ettelbruck.lu\/citoyen\/wp-json\/wp\/v2\/users\/16"}],"replies":[{"embeddable":true,"href":"https:\/\/ettelbruck.lu\/citoyen\/wp-json\/wp\/v2\/comments?post=20886"}],"version-history":[{"count":36,"href":"https:\/\/ettelbruck.lu\/citoyen\/wp-json\/wp\/v2\/pages\/20886\/revisions"}],"predecessor-version":[{"id":24323,"href":"https:\/\/ettelbruck.lu\/citoyen\/wp-json\/wp\/v2\/pages\/20886\/revisions\/24323"}],"wp:featuredmedia":[{"embeddable":true,"href":"https:\/\/ettelbruck.lu\/citoyen\/wp-json\/wp\/v2\/media\/20993"}],"wp:attachment":[{"href":"https:\/\/ettelbruck.lu\/citoyen\/wp-json\/wp\/v2\/media?parent=20886"}],"curies":[{"name":"wp","href":"https:\/\/api.w.org\/{rel}","templated":true}]}}